{"id":3,"date":"2025-04-08T08:34:30","date_gmt":"2025-04-08T08:34:30","guid":{"rendered":"https:\/\/sciattella.hoonwebarea.it\/?page_id=3"},"modified":"2026-04-13T14:57:04","modified_gmt":"2026-04-13T14:57:04","slug":"privacy-policy","status":"publish","type":"page","link":"https:\/\/sciattella.net\/?page_id=3","title":{"rendered":"Privacy Policy"},"content":{"rendered":"\n<h1 class=\"wp-block-heading\">Informativa sulle modalit\u00e0 di trattamento dei dati personali<\/h1>\n\n\n\n<p>La Sciattella Luigi e Figli S.r.l., &nbsp;con sede legale in Strada Tuscanese Km. 1,700 &#8211; 01100 Viterbo, P.IVA 01341540563, in qualit\u00e0 di titolare del trattamento, La informa ai sensi dell\u2019art. 13 D.Lgs. 30.6.2003 n. 196 (in seguito, \u201cCodice Privacy\u201d) e dell\u2019art. 13 Regolamento UE n. 2016\/679 (in seguito, \u201cGDPR\u201d) che i Suoi dati saranno trattati con le modalit\u00e0 e per le finalit\u00e0 seguenti:<\/p>\n\n\n\n<p><strong>1. Oggetto del Trattamento.<\/strong><br>Il Titolare tratta i dati personali, identificativi (ad esempio, nome, cognome, ragione sociale, indirizzo, telefono, e-mail)\u2013in seguito, \u201cdati personali\u201d o anche \u201cdati\u201d, da Lei comunicati in occasione dell\u2019accesso al sito aziendale www.sciattella.net, affinch\u00e9 si possano soddisfare richieste di informazioni o di contatto, prestando le attivit\u00e0 previste dall\u2019oggetto sociale di questa azienda.<\/p>\n\n\n\n<p><strong>2. Finalit\u00e0 del trattamento.<\/strong><br>I Suoi dati personali sono trattati solo previo Suo specifico e distinto consenso (artt. 23 e 130 Codice Privacy e art. 7 GDPR), per inviarLe via e-mail, posta e\/o sms e\/o contatti telefonici, risposte a suoi quesiti commerciali o richieste di intervento di assistenza;<\/p>\n\n\n\n<p><strong>3. Modalit\u00e0 di trattamento<\/strong><br>Il trattamento dei Suoi dati personali \u00e8 realizzato per mezzo delle operazioni indicate all\u2019art. 4 Codice Privacy e all\u2019art. 4 n. 2) GDPR e precisamente: raccolta, registrazione, organizzazione, conservazione, consultazione, elaborazione, modificazione, elezione, estrazione, raffronto, utilizzo, interconnessione, blocco, comunicazione, cancellazione e distruzione dei dati. I Suoi dati personali saranno sottoposti a trattamento sia cartaceo che elettronico e\/o automatizzato.<\/p>\n\n\n\n<p><em>Il Titolare tratter\u00e0 i dati personali per il tempo necessario per adempiere alle finalit\u00e0 di cui sopra e comunque non oltre i tempi previsti dalle normative vigenti, per altre finalit\u00e0 civilistiche, contabili e fiscali.<\/em><\/p>\n\n\n\n<p><strong>4. Accesso ai dati<\/strong><br>I Suoi dati potranno essere resi accessibili per le finalit\u00e0 di cui all\u2019art. 2:<\/p>\n\n\n\n<p>-a dipendenti e\/o collaboratori del Titolare del trattamento dei dati, nella loro qualit\u00e0 di incaricati e\/o responsabili interni del trattamento e\/o amministratori di sistema se designati, per svolgere il servizio da Lei richiesto;<\/p>\n\n\n\n<p>-a societ\u00e0 terze o altri soggetti (a titolo indicativo, istituti di credito, studi professionali, consulenti, etc.) che svolgono attivit\u00e0 in outsourcing per conto del Titolare, nella loro qualit\u00e0 di <strong>Titolari<\/strong> <strong>e responsabili esterni con propria autonomia del trattamento<\/strong>.<\/p>\n\n\n\n<p><strong>5. Comunicazione dei dati<\/strong><br>Senza la necessit\u00e0 di un espresso consenso (ex art. 24 lett. a), b), d) Codice Privacy e art. 6 lett. b) e c) GDPR), il Titolare potr\u00e0 comunicare i Suoi dati per le finalit\u00e0 di cui all\u2019art. 2.A) a Organismi di vigilanza preposti, Autorit\u00e0 giudiziarie, nonch\u00e9 a quei soggetti ai quali la comunicazione sia obbligatoria per legge per l\u2019espletamento delle finalit\u00e0 dette.<\/p>\n\n\n\n<p>Anche detti soggetti tratteranno i dati nella loro qualit\u00e0 di <strong>autonomi titolari<\/strong> del trattamento<strong>.<\/strong><\/p>\n\n\n\n<p><strong>I Suoi dati non saranno diffusi per altre finalit\u00e0.<\/strong><\/p>\n\n\n\n<p><strong>6. Conservazione dei dati<\/strong><br>I dati da Lei inviati, transiteranno e saranno conservati in server ubicati in Italia, per cui all\u2019interno dell\u2019Unione Europea.<\/p>\n\n\n\n<p><strong>7. Diritti dell\u2019interessato<\/strong><br>Nella Sua qualit\u00e0 di interessato, ha i diritti di cui all\u2019art. 7 Codice Privacy e art. 15 GDPR e precisamente i diritti di:<\/p>\n\n\n\n<p>i. ottenere la conferma dell&#8217;esistenza o meno di dati personali che La riguardano, anche se non ancora registrati, e la loro comunicazione in forma intelligibile;<\/p>\n\n\n\n<p>ii. ottenere l&#8217;indicazione:<br>a) dell&#8217;origine dei dati personali;<br>b) delle finalit\u00e0 e modalit\u00e0 del trattamento;<br>c) della logica applicata in caso di trattamento effettuato con l&#8217;ausilio di strumenti elettronici;<br>d) degli estremi identificativi del titolare, dei responsabili e del rappresentante designato ai sensi dell&#8217;art. 5, comma 2 Codice Privacy e art. 3, comma 1, GDPR;<br>e) dei soggetti o delle categorie di soggetti ai quali i dati personali possono essere comunicati o che possono venirne a conoscenza in qualit\u00e0 di rappresentante designato nel territorio dello Stato, di responsabili o incaricati;<\/p>\n\n\n\n<p>iii. ottenere:<br>a) l&#8217;aggiornamento, la rettificazione ovvero, quando vi ha interesse, l&#8217;integrazione dei dati;<br>b) la cancellazione, la trasformazione in forma anonima o il blocco dei dati trattati in violazione di legge, compresi quelli di cui non \u00e8 necessaria la conservazione in relazione agli scopi per i quali i dati sono stati raccolti o successivamente trattati;<br>c) l&#8217;attestazione che le operazioni di cui alle lettere a) e b) sono state portate a conoscenza, anche per quanto riguarda il loro contenuto, di coloro ai quali i dati sono stati comunicati o diffusi, eccettuato il caso in cui tale adempimento si rivela impossibile o comporta un impiego di mezzi manifestamente sproporzionato rispetto al diritto tutelato;<\/p>\n\n\n\n<p>iv. opporsi, in tutto o in parte:<br>a) per motivi legittimi al trattamento dei dati personali che La riguardano, ancorch\u00e9 pertinenti allo scopo della raccolta;<\/p>\n\n\n\n<p><em>Anche se i suoi dati non verranno trattati per invio di materiale pubblicitario dal sottoscritto Titolare, \u00e8 giusto sappia che potr\u00e0 opporsi :<\/em><\/p>\n\n\n\n<p>b) al trattamento di dati personali che La riguardano a fini di invio di materiale pubblicitario o di vendita diretta o per il compimento di ricerche di mercato o di comunicazione commerciale, mediante l\u2019uso di sistemi automatizzati di chiamata senza l\u2019intervento di un operatore mediante e-mail e\/o mediante modalit\u00e0 di marketing tradizionali mediante telefono e\/o posta cartacea.<\/p>\n\n\n\n<p>Si fa presente che il diritto di opposizione dell\u2019interessato, esposto al precedente punto b), per finalit\u00e0 di marketing diretto mediante modalit\u00e0 automatizzate si estende a quelle tradizionali e che comunque resta salva la possibilit\u00e0 per l\u2019interessato di esercitare il diritto di opposizione anche solo in parte. Pertanto, l\u2019interessato potr\u00e0 decidere di ricevere solo comunicazioni mediante modalit\u00e0 tradizionali ovvero solo comunicazioni automatizzate oppure nessuna delle due tipologie di comunicazione.<\/p>\n\n\n\n<p>Ove applicabili, ha altres\u00ec i diritti di cui agli artt. 16-21 GDPR (Diritto di rettifica, diritto all\u2019oblio, diritto di limitazione di trattamento, diritto alla portabilit\u00e0 dei dati, diritto di opposizione), nonch\u00e9 il diritto di reclamo all\u2019Autorit\u00e0 Garante.<\/p>\n\n\n\n<p><strong>8. Modalit\u00e0 di esercizio dei diritti<\/strong><br>Potr\u00e0 in qualsiasi momento esercitare i diritti inviando una richiesta al \u201cResponsabile Privacy\u201d, Responsabile del trattamento tramite:<\/p>\n\n\n\n<p>&#8211; una raccomandata a.r. Sciattella Luigi e Figli S.r.l., Strada Tuscanese Km. 1,700 &#8211; 01100 Viterbo;<br>&#8211; una semplice e-mail all\u2019indirizzo info@sciattella.net<\/p>\n\n\n\n<p><strong>9. Titolare<\/strong><br>Il Titolare del trattamento \u00e8 Sciattella Luigi e Figli S.r.l., con sede legale in Strada Tuscanese Km. 1,700 &#8211; 01100 Viterbo.<\/p>\n","protected":false},"excerpt":{"rendered":"<p>Informativa sulle modalit\u00e0 di trattamento dei dati personali La Sciattella Luigi e Figli S.r.l., &nbsp;con sede legale in Strada Tuscanese Km. 1,700 &#8211; 01100 Viterbo, P.IVA 01341540563, in qualit\u00e0 di titolare del trattamento, La informa ai sensi dell\u2019art. 13 D.Lgs. 30.6.2003 n. 196 (in seguito, \u201cCodice Privacy\u201d) e dell\u2019art. 13 Regolamento UE n. 2016\/679 (in [&hellip;]<\/p>\n","protected":false},"author":1,"featured_media":0,"parent":0,"menu_order":0,"comment_status":"closed","ping_status":"open","template":"","meta":{"footnotes":""},"class_list":["post-3","page","type-page","status-publish","hentry"],"_links":{"self":[{"href":"https:\/\/sciattella.net\/index.php?rest_route=\/wp\/v2\/pages\/3","targetHints":{"allow":["GET"]}}],"collection":[{"href":"https:\/\/sciattella.net\/index.php?rest_route=\/wp\/v2\/pages"}],"about":[{"href":"https:\/\/sciattella.net\/index.php?rest_route=\/wp\/v2\/types\/page"}],"author":[{"embeddable":true,"href":"https:\/\/sciattella.net\/index.php?rest_route=\/wp\/v2\/users\/1"}],"replies":[{"embeddable":true,"href":"https:\/\/sciattella.net\/index.php?rest_route=%2Fwp%2Fv2%2Fcomments&post=3"}],"version-history":[{"count":3,"href":"https:\/\/sciattella.net\/index.php?rest_route=\/wp\/v2\/pages\/3\/revisions"}],"predecessor-version":[{"id":6082,"href":"https:\/\/sciattella.net\/index.php?rest_route=\/wp\/v2\/pages\/3\/revisions\/6082"}],"wp:attachment":[{"href":"https:\/\/sciattella.net\/index.php?rest_route=%2Fwp%2Fv2%2Fmedia&parent=3"}],"curies":[{"name":"wp","href":"https:\/\/api.w.org\/{rel}","templated":true}]}}